{"id":16500,"date":"2024-11-26T08:21:29","date_gmt":"2024-11-26T08:21:29","guid":{"rendered":"https:\/\/www.uknrs.com\/?page_id=16500"},"modified":"2025-02-17T08:46:03","modified_gmt":"2025-02-17T08:46:03","slug":"nrc-sec-bulteni","status":"publish","type":"page","link":"https:\/\/www.uknrs.com\/en\/nrc-sec-bulteni\/","title":{"rendered":"NRC HSE Bulletin"},"content":{"rendered":"<div data-elementor-type=\"wp-page\" data-elementor-id=\"16500\" class=\"elementor elementor-16500\">\n\t\t\t\t<div class=\"elementor-element elementor-element-6acca43 e-flex e-con-boxed e-con e-parent\" data-id=\"6acca43\" data-element_type=\"container\">\n\t\t\t\t\t<div class=\"e-con-inner\">\n\t\t\t\t<div class=\"elementor-element elementor-element-cc00a73 elementor-widget elementor-widget-shortcode\" data-id=\"cc00a73\" data-element_type=\"widget\" data-widget_type=\"shortcode.default\">\n\t\t\t\t<div class=\"elementor-widget-container\">\n\t\t\t\t\t\t\t<div class=\"elementor-shortcode\"><div class=\"_df_thumb\" id=\"df_16602\"  _slug=\"nrc-sec-bulteni-sayi-3\" data-title=\"nrc-sec-bulteni-sayi-3\" wpoptions=\"true\" thumb=\"https:\/\/www.uknrs.com\/wp-content\/uploads\/2025\/02\/NRC_SEC-Sayi3.jpg\" thumbtype=\"\" >NRC SE\u00c7 B\u00fclteni-Say\u0131 3<\/div><script class=\"df-shortcode-script\" nowprocket type=\"application\/javascript\">window.option_df_16602 = {\"outline\":[],\"autoEnableOutline\":\"false\",\"autoEnableThumbnail\":\"false\",\"overwritePDFOutline\":\"false\",\"direction\":\"1\",\"pageSize\":\"0\",\"source\":\"https:\\\/\\\/www.uknrs.com\\\/wp-content\\\/uploads\\\/2025\\\/02\\\/NRC_SEC-Sayi3.pdf\",\"wpOptions\":\"true\"}; if(window.DFLIP && window.DFLIP.parseBooks){window.DFLIP.parseBooks();}<\/script>\n<\/div>\n\t\t\t\t\t\t<\/div>\n\t\t\t\t<\/div>\n\t\t\t\t<div class=\"elementor-element elementor-element-6a23ba9 elementor-widget elementor-widget-shortcode\" data-id=\"6a23ba9\" data-element_type=\"widget\" data-widget_type=\"shortcode.default\">\n\t\t\t\t<div class=\"elementor-widget-container\">\n\t\t\t\t\t\t\t<div class=\"elementor-shortcode\"><div class=\"_df_thumb\" id=\"df_16521\"  _slug=\"nrc-sec-bulteni-sayi-2\" data-title=\"nrc-sec-bulteni-sayi-2\" wpoptions=\"true\" thumb=\"https:\/\/www.uknrs.com\/wp-content\/uploads\/2024\/12\/NRC_SEC-Sayi2.jpg\" thumbtype=\"\" >NRC HSE Bulletin - Issue 2<\/div><script class=\"df-shortcode-script\" nowprocket type=\"application\/javascript\">window.option_df_16521 = {\"outline\":[],\"autoEnableOutline\":\"false\",\"autoEnableThumbnail\":\"false\",\"overwritePDFOutline\":\"false\",\"direction\":\"1\",\"pageSize\":\"0\",\"source\":\"https:\\\/\\\/www.uknrs.com\\\/wp-content\\\/uploads\\\/2024\\\/12\\\/NRC-SEC-Sayi2.pdf\",\"wpOptions\":\"true\"}; if(window.DFLIP && window.DFLIP.parseBooks){window.DFLIP.parseBooks();}<\/script>\n<\/div>\n\t\t\t\t\t\t<\/div>\n\t\t\t\t<\/div>\n\t\t\t\t<div class=\"elementor-element elementor-element-1f8c8aa elementor-widget elementor-widget-shortcode\" data-id=\"1f8c8aa\" data-element_type=\"widget\" data-widget_type=\"shortcode.default\">\n\t\t\t\t<div class=\"elementor-widget-container\">\n\t\t\t\t\t\t\t<div class=\"elementor-shortcode\"><div class=\"_df_thumb\" id=\"df_16480\"  _slug=\"nrc-sec-bulteni-sayi-1\" data-title=\"nrc-sec-bulteni-sayi-1\" wpoptions=\"true\" thumb=\"https:\/\/www.uknrs.com\/wp-content\/uploads\/2024\/11\/NRC_SECBulteni-Sayi1.jpg\" thumbtype=\"\" >NRC HSE Bulletin - Issue 1<\/div><script class=\"df-shortcode-script\" nowprocket type=\"application\/javascript\">window.option_df_16480 = {\"outline\":[],\"autoEnableOutline\":\"false\",\"autoEnableThumbnail\":\"false\",\"overwritePDFOutline\":\"false\",\"direction\":\"1\",\"pageSize\":\"0\",\"source\":\"https:\\\/\\\/www.uknrs.com\\\/wp-content\\\/uploads\\\/2024\\\/11\\\/NRC_SEC-Sayi1.pdf\",\"wpOptions\":\"true\"}; if(window.DFLIP && window.DFLIP.parseBooks){window.DFLIP.parseBooks();}<\/script>\n<\/div>\n\t\t\t\t\t\t<\/div>\n\t\t\t\t<\/div>\n\t\t\t\t\t<\/div>\n\t\t\t\t<\/div>\n\t\t\t\t<\/div>","protected":false},"excerpt":{"rendered":"","protected":false},"author":1,"featured_media":0,"parent":0,"menu_order":0,"comment_status":"closed","ping_status":"closed","template":"elementor_header_footer","meta":{"footnotes":""},"class_list":["post-16500","page","type-page","status-publish","hentry"],"_links":{"self":[{"href":"https:\/\/www.uknrs.com\/en\/wp-json\/wp\/v2\/pages\/16500","targetHints":{"allow":["GET"]}}],"collection":[{"href":"https:\/\/www.uknrs.com\/en\/wp-json\/wp\/v2\/pages"}],"about":[{"href":"https:\/\/www.uknrs.com\/en\/wp-json\/wp\/v2\/types\/page"}],"author":[{"embeddable":true,"href":"https:\/\/www.uknrs.com\/en\/wp-json\/wp\/v2\/users\/1"}],"replies":[{"embeddable":true,"href":"https:\/\/www.uknrs.com\/en\/wp-json\/wp\/v2\/comments?post=16500"}],"version-history":[{"count":10,"href":"https:\/\/www.uknrs.com\/en\/wp-json\/wp\/v2\/pages\/16500\/revisions"}],"predecessor-version":[{"id":16608,"href":"https:\/\/www.uknrs.com\/en\/wp-json\/wp\/v2\/pages\/16500\/revisions\/16608"}],"wp:attachment":[{"href":"https:\/\/www.uknrs.com\/en\/wp-json\/wp\/v2\/media?parent=16500"}],"curies":[{"name":"wp","href":"https:\/\/api.w.org\/{rel}","templated":true}]}}