{"id":16453,"date":"2024-10-20T08:38:21","date_gmt":"2024-10-20T08:38:21","guid":{"rendered":"https:\/\/www.uknrs.com\/?page_id=16453"},"modified":"2024-10-20T08:46:36","modified_gmt":"2024-10-20T08:46:36","slug":"sertifikalarimiz","status":"publish","type":"page","link":"https:\/\/www.uknrs.com\/en\/sertifikalarimiz\/","title":{"rendered":"Our Certificates"},"content":{"rendered":"<div data-elementor-type=\"wp-page\" data-elementor-id=\"16453\" class=\"elementor elementor-16453\">\n\t\t\t\t<div class=\"elementor-element elementor-element-b12a24a e-flex e-con-boxed e-con e-parent\" data-id=\"b12a24a\" data-element_type=\"container\">\n\t\t\t\t\t<div class=\"e-con-inner\">\n\t\t\t\t<div class=\"elementor-element elementor-element-6ff0254 wd-width-100 elementor-widget elementor-widget-wd_title\" data-id=\"6ff0254\" data-element_type=\"widget\" data-widget_type=\"wd_title.default\">\n\t\t\t\t<div class=\"elementor-widget-container\">\n\t\t\t\t\t\t\t<div class=\"title-wrapper set-mb-s reset-last-child wd-title-color-default wd-title-style-default wd-title-size-default text-center\">\n\n\t\t\t\n\t\t\t<div class=\"liner-continer\">\n\t\t\t\t<h4 class=\"woodmart-title-container title wd-fontsize-l\">Our Certificates<\/h4> \n\t\t\t\t\t\t\t<\/div>\n\n\t\t\t\t\t\t\t<div class=\"title-after_title set-cont-mb-s reset-last-child wd-fontsize-xs\">\n\t\t\t\t\t<p>NRC is committed to adhering to the highest international standards in its operations.<\/p><p>Our Company\u00a0<strong><a href=\"https:\/\/www.uknrs.com\/wp-content\/uploads\/2024\/05\/ISO-9001-2015-Certificate.pdf\">ISO 9001 Quality Management Systems<\/a><\/strong>,\u00a0<strong><a href=\"https:\/\/www.uknrs.com\/wp-content\/uploads\/2024\/05\/ISO-14001-2015-Certificate.pdf\">ISO 14001 Environmental Management Systems<\/a><\/strong>\u00a0and\u00a0<a href=\"https:\/\/www.uknrs.com\/wp-content\/uploads\/2024\/05\/ISO-45001-2018-Certificate.pdf\"><strong>ISO 45001 Occupational Health and Safety Management Systems<\/strong><\/a>\u00a0certificates.<\/p>\t\t\t\t<\/div>\n\t\t\t\t\t<\/div>\n\t\t\t\t\t\t<\/div>\n\t\t\t\t<\/div>\n\t\t\t\t\t<\/div>\n\t\t\t\t<\/div>\n\t\t<div class=\"elementor-element elementor-element-1721c47 e-flex e-con-boxed e-con e-parent\" data-id=\"1721c47\" data-element_type=\"container\">\n\t\t\t\t\t<div class=\"e-con-inner\">\n\t\t<div class=\"elementor-element elementor-element-3670925 e-con-full e-flex e-con e-child\" data-id=\"3670925\" data-element_type=\"container\">\n\t\t\t\t<div class=\"elementor-element elementor-element-69bc279 elementor-widget elementor-widget-image\" data-id=\"69bc279\" data-element_type=\"widget\" data-widget_type=\"image.default\">\n\t\t\t\t<div class=\"elementor-widget-container\">\n\t\t\t\t\t\t\t\t\t\t\t\t\t\t\t\t<a href=\"https:\/\/www.uknrs.com\/wp-content\/uploads\/2024\/10\/9001.png\" data-elementor-open-lightbox=\"yes\" data-elementor-lightbox-title=\"9001\" data-e-action-hash=\"#elementor-action%3Aaction%3Dlightbox%26settings%3DeyJpZCI6MTY0NTYsInVybCI6Imh0dHBzOlwvXC93d3cudWtucnMuY29tXC93cC1jb250ZW50XC91cGxvYWRzXC8yMDI0XC8xMFwvOTAwMS5wbmcifQ%3D%3D\">\n\t\t\t\t\t\t\t<img fetchpriority=\"high\" decoding=\"async\" width=\"565\" height=\"800\" src=\"https:\/\/www.uknrs.com\/wp-content\/uploads\/2024\/10\/9001-565x800.png\" class=\"attachment-large size-large wp-image-16456\" alt=\"\" srcset=\"https:\/\/www.uknrs.com\/wp-content\/uploads\/2024\/10\/9001-565x800.png 565w, https:\/\/www.uknrs.com\/wp-content\/uploads\/2024\/10\/9001-212x300.png 212w, https:\/\/www.uknrs.com\/wp-content\/uploads\/2024\/10\/9001-768x1087.png 768w, https:\/\/www.uknrs.com\/wp-content\/uploads\/2024\/10\/9001-1085x1536.png 1085w, https:\/\/www.uknrs.com\/wp-content\/uploads\/2024\/10\/9001-1447x2048.png 1447w, https:\/\/www.uknrs.com\/wp-content\/uploads\/2024\/10\/9001-8x12.png 8w, https:\/\/www.uknrs.com\/wp-content\/uploads\/2024\/10\/9001-430x609.png 430w, https:\/\/www.uknrs.com\/wp-content\/uploads\/2024\/10\/9001-700x991.png 700w, https:\/\/www.uknrs.com\/wp-content\/uploads\/2024\/10\/9001-150x212.png 150w, https:\/\/www.uknrs.com\/wp-content\/uploads\/2024\/10\/9001.png 1584w\" sizes=\"(max-width: 565px) 100vw, 565px\" \/>\t\t\t\t\t\t\t\t<\/a>\n\t\t\t\t\t\t\t\t\t\t\t\t\t\t\t<\/div>\n\t\t\t\t<\/div>\n\t\t\t\t<\/div>\n\t\t<div class=\"elementor-element elementor-element-7db71f3 e-con-full e-flex e-con e-child\" data-id=\"7db71f3\" data-element_type=\"container\">\n\t\t\t\t<div class=\"elementor-element elementor-element-ee06063 elementor-widget elementor-widget-image\" data-id=\"ee06063\" data-element_type=\"widget\" data-widget_type=\"image.default\">\n\t\t\t\t<div class=\"elementor-widget-container\">\n\t\t\t\t\t\t\t\t\t\t\t\t\t\t\t\t<a href=\"https:\/\/www.uknrs.com\/wp-content\/uploads\/2024\/10\/14001.png\" data-elementor-open-lightbox=\"yes\" data-elementor-lightbox-title=\"14001\" data-e-action-hash=\"#elementor-action%3Aaction%3Dlightbox%26settings%3DeyJpZCI6MTY0NTcsInVybCI6Imh0dHBzOlwvXC93d3cudWtucnMuY29tXC93cC1jb250ZW50XC91cGxvYWRzXC8yMDI0XC8xMFwvMTQwMDEucG5nIn0%3D\">\n\t\t\t\t\t\t\t<img decoding=\"async\" width=\"565\" height=\"800\" src=\"https:\/\/www.uknrs.com\/wp-content\/uploads\/2024\/10\/14001-565x800.png\" class=\"attachment-large size-large wp-image-16457\" alt=\"\" srcset=\"https:\/\/www.uknrs.com\/wp-content\/uploads\/2024\/10\/14001-565x800.png 565w, https:\/\/www.uknrs.com\/wp-content\/uploads\/2024\/10\/14001-212x300.png 212w, https:\/\/www.uknrs.com\/wp-content\/uploads\/2024\/10\/14001-768x1087.png 768w, https:\/\/www.uknrs.com\/wp-content\/uploads\/2024\/10\/14001-1085x1536.png 1085w, https:\/\/www.uknrs.com\/wp-content\/uploads\/2024\/10\/14001-1447x2048.png 1447w, https:\/\/www.uknrs.com\/wp-content\/uploads\/2024\/10\/14001-8x12.png 8w, https:\/\/www.uknrs.com\/wp-content\/uploads\/2024\/10\/14001-430x609.png 430w, https:\/\/www.uknrs.com\/wp-content\/uploads\/2024\/10\/14001-700x991.png 700w, https:\/\/www.uknrs.com\/wp-content\/uploads\/2024\/10\/14001-150x212.png 150w, https:\/\/www.uknrs.com\/wp-content\/uploads\/2024\/10\/14001.png 1584w\" sizes=\"(max-width: 565px) 100vw, 565px\" \/>\t\t\t\t\t\t\t\t<\/a>\n\t\t\t\t\t\t\t\t\t\t\t\t\t\t\t<\/div>\n\t\t\t\t<\/div>\n\t\t\t\t<\/div>\n\t\t<div class=\"elementor-element elementor-element-57a60ed e-con-full e-flex e-con e-child\" data-id=\"57a60ed\" data-element_type=\"container\">\n\t\t\t\t<div class=\"elementor-element elementor-element-05e52ff elementor-widget elementor-widget-image\" data-id=\"05e52ff\" data-element_type=\"widget\" data-widget_type=\"image.default\">\n\t\t\t\t<div class=\"elementor-widget-container\">\n\t\t\t\t\t\t\t\t\t\t\t\t\t\t\t\t<a href=\"https:\/\/www.uknrs.com\/wp-content\/uploads\/2024\/10\/45001.png\" data-elementor-open-lightbox=\"yes\" data-elementor-lightbox-title=\"45001\" data-e-action-hash=\"#elementor-action%3Aaction%3Dlightbox%26settings%3DeyJpZCI6MTY0NTgsInVybCI6Imh0dHBzOlwvXC93d3cudWtucnMuY29tXC93cC1jb250ZW50XC91cGxvYWRzXC8yMDI0XC8xMFwvNDUwMDEucG5nIn0%3D\">\n\t\t\t\t\t\t\t<img decoding=\"async\" width=\"566\" height=\"800\" src=\"https:\/\/www.uknrs.com\/wp-content\/uploads\/2024\/10\/45001-566x800.png\" class=\"attachment-large size-large wp-image-16458\" alt=\"\" srcset=\"https:\/\/www.uknrs.com\/wp-content\/uploads\/2024\/10\/45001-566x800.png 566w, https:\/\/www.uknrs.com\/wp-content\/uploads\/2024\/10\/45001-212x300.png 212w, https:\/\/www.uknrs.com\/wp-content\/uploads\/2024\/10\/45001-768x1085.png 768w, https:\/\/www.uknrs.com\/wp-content\/uploads\/2024\/10\/45001-1087x1536.png 1087w, https:\/\/www.uknrs.com\/wp-content\/uploads\/2024\/10\/45001-1450x2048.png 1450w, https:\/\/www.uknrs.com\/wp-content\/uploads\/2024\/10\/45001-8x12.png 8w, https:\/\/www.uknrs.com\/wp-content\/uploads\/2024\/10\/45001-430x608.png 430w, https:\/\/www.uknrs.com\/wp-content\/uploads\/2024\/10\/45001-700x989.png 700w, https:\/\/www.uknrs.com\/wp-content\/uploads\/2024\/10\/45001-150x212.png 150w, https:\/\/www.uknrs.com\/wp-content\/uploads\/2024\/10\/45001.png 1584w\" sizes=\"(max-width: 566px) 100vw, 566px\" \/>\t\t\t\t\t\t\t\t<\/a>\n\t\t\t\t\t\t\t\t\t\t\t\t\t\t\t<\/div>\n\t\t\t\t<\/div>\n\t\t\t\t<\/div>\n\t\t\t\t\t<\/div>\n\t\t\t\t<\/div>\n\t\t\t\t<\/div>","protected":false},"excerpt":{"rendered":"<p>Sertifikalar\u0131m\u0131z NRC, faaliyetlerinde en y\u00fcksek uluslararas\u0131 standartlara uymay\u0131 taahh\u00fct etmektedir. \u015eirketimiz,\u00a0ISO 9001 Kalite Y\u00f6netim Sistemleri,\u00a0ISO 14001 \u00c7evre Y\u00f6netim Sistemleri\u00a0ve\u00a0ISO 45001<\/p>","protected":false},"author":1,"featured_media":0,"parent":0,"menu_order":0,"comment_status":"closed","ping_status":"closed","template":"","meta":{"footnotes":""},"class_list":["post-16453","page","type-page","status-publish","hentry"],"_links":{"self":[{"href":"https:\/\/www.uknrs.com\/en\/wp-json\/wp\/v2\/pages\/16453","targetHints":{"allow":["GET"]}}],"collection":[{"href":"https:\/\/www.uknrs.com\/en\/wp-json\/wp\/v2\/pages"}],"about":[{"href":"https:\/\/www.uknrs.com\/en\/wp-json\/wp\/v2\/types\/page"}],"author":[{"embeddable":true,"href":"https:\/\/www.uknrs.com\/en\/wp-json\/wp\/v2\/users\/1"}],"replies":[{"embeddable":true,"href":"https:\/\/www.uknrs.com\/en\/wp-json\/wp\/v2\/comments?post=16453"}],"version-history":[{"count":4,"href":"https:\/\/www.uknrs.com\/en\/wp-json\/wp\/v2\/pages\/16453\/revisions"}],"predecessor-version":[{"id":16461,"href":"https:\/\/www.uknrs.com\/en\/wp-json\/wp\/v2\/pages\/16453\/revisions\/16461"}],"wp:attachment":[{"href":"https:\/\/www.uknrs.com\/en\/wp-json\/wp\/v2\/media?parent=16453"}],"curies":[{"name":"wp","href":"https:\/\/api.w.org\/{rel}","templated":true}]}}